{"id":597,"date":"2019-03-18T13:59:17","date_gmt":"2019-03-18T05:59:17","guid":{"rendered":"http:\/\/localhost\/theme19\/?page_id=7"},"modified":"2026-01-23T10:15:22","modified_gmt":"2026-01-23T02:15:22","slug":"contact","status":"publish","type":"page","link":"https:\/\/www.jiujuauto.com\/fr\/contact.html","title":{"rendered":"Nous contacter"},"content":{"rendered":"<section class=\"wp-block-themepark-block-themepark-area block_layout thempark-block undefined bom100 top100\" id=\"\" style=\"padding-top:258px;height:600px;box-sizing: border-box;width: 100%;\" data-swiper-parallax=\"-700\"><div class=\"block_layout_in\" style=\"\">\n<div class=\"wp-block-column block_layout_in is-layout-flow wp-block-column-is-layout-flow\">\n<h2 class=\"wp-block-heading has-text-align-center has-monte-white-color has-text-color has-large-font-size\" style=\"letter-spacing:0px\"><span style=\"color: rgb(209, 213, 219); font-family: S\u00f6hne, ui-sans-serif, system-ui, -apple-system, &quot;Segoe UI&quot;, Roboto, Ubuntu, Cantarell, &quot;Noto Sans&quot;, sans-serif, &quot;Helvetica Neue&quot;, Arial, &quot;Apple Color Emoji&quot;, &quot;Segoe UI Emoji&quot;, &quot;Segoe UI Symbol&quot;, &quot;Noto Color Emoji&quot;; font-size: 16px; font-style: normal; font-variant-ligatures: normal; font-variant-caps: normal; font-weight: 400; letter-spacing: normal; orphans: 2; text-align: left; text-indent: 0px; text-transform: none; widows: 2; word-spacing: 0px; -webkit-text-stroke-width: 0px; white-space: pre-wrap; background-color: rgb(68, 70, 84); text-decoration-thickness: initial; text-decoration-style: initial; text-decoration-color: initial; display: inline !important; float: none;\"><\/span>Fournir des solutions efficaces, pr\u00e9cises et stables en mati\u00e8re d'automatisation des cornes<\/h2>\n<\/div>\n<\/div><div class=\"layout_badh\"><div class=\"shizhezhao\" style=\"opacity:0.39;background-color:#000000;\"><\/div><div class=\"PcOnly themepark-block_layout_ba lazyload swiper-lazy\" style=\"background-repeat:no-repeat;background-size:cover;background-position:center;\" data-background=\"http:\/\/jiujuauto.com\/wp-content\/uploads\/2025\/10\/\u4e45\u5de8\u81ea\u52a8\u5316-\u8054\u7cfb\u6211\u4eec.jpg\"><\/div><div class=\"MovePnly themepark-block_layout_ba lazyload swiper-move-lazy\" style=\"background-repeat:no-repeat;background-size:cover;background-position:center;\" data-background=\"http:\/\/jiujuauto.com\/wp-content\/uploads\/2025\/10\/\u4e45\u5de8\u81ea\u52a8\u5316\u8054\u7cfb\u6211\u4eec.jpg\"><\/div><\/div><\/section>\n\n\n\n<section class=\"wp-block-themepark-block-themepark-area block_layout thempark-block undefined\" id=\"\" style=\"\" data-swiper-parallax=\"-700\"><div class=\"block_layout_in\" style=\"max-width:1547px;\">\n<div class=\"wp-block-column block_layout_in is-layout-flow wp-block-column-is-layout-flow\">\n<div class=\"wp-block-themepark-block-themepark-wright content-super-p\" style=\"font-size:16px;line-height:41px;padding:10px 8px;\">\n<div class=\"wp-block-column is-layout-flow wp-block-column-is-layout-flow\">\n<div class=\"wp-block-themepark-block-themepark-xian theme_fang_out\" style=\"text-align:center;padding-top:50px;\"><div class=\"fangbox\" style=\"width:95px;\"><\/div><\/div>\n\n\n\n<h1 class=\"wp-block-heading has-text-align-center has-bonkers-font-size\" id=\"homemd2\" style=\"text-transform:uppercase\">Nous contacter<\/h1>\n\n\n\n<div class=\"wp-block-themepark-block-themepark-xian theme_fang_out\" style=\"text-align:center;\"><div class=\"fangbox\" style=\"width:95px;height:11px;background-color:#0693e3;\"><\/div><\/div>\n\n\n\n<p><\/p>\n\n\n\n<div class=\"wp-block-themepark-block-themepark-wright content-super-p\" style=\"font-size:16px;line-height:32px;padding:10px 0px;\">\n<div class=\"wp-block-column is-layout-flow wp-block-column-is-layout-flow\">\n<p class=\"has-text-align-center has-medium-font-size\">Service et assistance<\/p>\n\n\n\n<section class=\"wp-block-themepark-block-themepark-icon thempark-block themepark_icon_list_out undefined\" id=\"nomo\" style=\"padding-top:20px;\"><div class=\"themepark_icon_list_in\" style=\"\"><div class=\"themepark_icon_lists iconl4 iconls1\" style=\"\"><a class=\"themepark_icon_box bhclas\" href=\"tel:  86 1234567\" style=\"\"><div class=\"themepark_icon_box_i\"><div class=\"themepark_icon_box_i_out\"><i class=\"fas fa-mobile-alt\" style=\"color:#0693e3;font-size:36px;\"><\/i><\/div><b style=\"font-size:16px;color:#333333;\">Ligne d'assistance pour les demandes de renseignements<\/b><\/div><div class=\"themepark_icon_box_d\" style=\"font-size:14px;color:#333333;height:70px;\"><span>  400-626-8699<\/span><span><\/span><\/div><div class=\"themepark_icon_box_bac\" style=\"background:#ffffff;opacity:0.9;\"><\/div><\/a><a class=\"themepark_icon_box bhclas\" href=\"mailto:info@xxxxxxxxxl.com\" style=\"\"><div class=\"themepark_icon_box_i\"><div class=\"themepark_icon_box_i_out\"><i class=\"fas fa-envelope\" style=\"color:#0693e3;font-size:36px;\"><\/i><\/div><b style=\"font-size:16px;color:#333333;\">E-MAIL<\/b><\/div><div class=\"themepark_icon_box_d\" style=\"font-size:14px;color:#333333;height:70px;\"><span>zx@szjiuju.com<\/span><span>linmingzhi@szjiuju.com<\/span><\/div><div class=\"themepark_icon_box_bac\" style=\"background:#ffffff;opacity:0.9;\"><\/div><\/a><a class=\"themepark_icon_box bhclas\"><div class=\"themepark_icon_box_i\"><div class=\"themepark_icon_box_i_out\"><i class=\"far fa-clock\" style=\"color:#0693e3;font-size:36px;\"><\/i><\/div><b style=\"font-size:16px;color:#333333;\">Soutien aux services<\/b><\/div><div class=\"themepark_icon_box_d\" style=\"font-size:14px;color:#333333;height:70px;\"><span>R\u00e9ponse 7X24 heures<\/span><\/div><div class=\"themepark_icon_box_bac\" style=\"background:#ffffff;opacity:0.9;\"><\/div><\/a><a class=\"themepark_icon_box bhclas\"><div class=\"themepark_icon_box_i\"><div class=\"themepark_icon_box_i_out\"><i class=\"fab fa-skype\" style=\"color:#0693e3;font-size:36px;\"><\/i><\/div><b style=\"font-size:16px;color:#333333;\">Support technique<\/b><\/div><div class=\"themepark_icon_box_d\" style=\"font-size:14px;color:#333333;height:70px;\"><span>134-2897-6919<\/span><\/div><div class=\"themepark_icon_box_bac\" style=\"background:#ffffff;opacity:0.9;\"><\/div><\/a><\/div><\/div><\/section>\n\n\n\n<section class=\"wp-block-themepark-block-themepark-icon thempark-block themepark_icon_list_out undefined\" id=\"nomo3\" style=\"\"><div class=\"themepark_icon_list_in\" style=\"\"><div class=\"themepark_icon_lists iconl2 iconls1\" style=\"\"><a class=\"themepark_icon_box bhclas\"><div class=\"themepark_icon_box_i\"><div class=\"themepark_icon_box_i_out\"><i class=\"fas fa-map-marker-alt\" style=\"color:#0693e3;font-size:36px;\"><\/i><\/div><\/div><div class=\"themepark_icon_box_d\" style=\"font-size:14px;color:#333333;height:95px;\"><b style=\"font-size:16px;\">Si\u00e8ge de Shenzhen<\/b><span>B\u00e2timent A1, Juji Technology Industrial Park, Houtian Community, Shajing Street, Bao'an District, Shenzhen, Chine<\/span><span>Personne de contact : Zhou Manager<\/span><span>T\u00e9l. : 134-2897-6919<\/span><\/div><div class=\"themepark_icon_box_bac\" style=\"background:#ffffff;opacity:0.9;\"><\/div><\/a><a class=\"themepark_icon_box bhclas\"><div class=\"themepark_icon_box_i\"><div class=\"themepark_icon_box_i_out\"><i class=\"fas fa-map-marker-alt\" style=\"color:#0693e3;font-size:36px;\"><\/i><\/div><\/div><div class=\"themepark_icon_box_d\" style=\"font-size:14px;color:#333333;height:95px;\"><b style=\"font-size:16px;\">Succursale de Dongguan<\/b><span>B\u00e2timent B1, Songhu Zhigu, \u00e9changeur de Minfu Road et Yuanfeng South Road, Liaobu Town, Dongguan City, Guangdong Province, China<\/span><span>Personne de contact : Manager Lin<\/span><span>T\u00e9l. : 180-0255-6337<\/span><span><\/span><\/div><div class=\"themepark_icon_box_bac\" style=\"background:#ffffff;opacity:0.9;\"><\/div><\/a><\/div><\/div><\/section>\n<\/div>\n<\/div>\n\n\n\n<section class=\"wp-block-themepark-block-themepark-area block_layout thempark-block undefined\" id=\"\" style=\"padding-bottom:16px;padding-top:20px;\" data-swiper-parallax=\"-700\"><div class=\"block_layout_in\" style=\"\">\n<div class=\"wp-block-column block_layout_in is-layout-flow wp-block-column-is-layout-flow\">\n<section class=\"wp-block-themepark-block-themepark-icon thempark-block themepark_icon_list_out undefined\" id=\"nomo\" style=\"padding-bottom:20px;\"><div class=\"themepark_icon_list_in\" style=\"\"><div class=\"themepark_icon_lists iconl4 iconls2\" style=\"\"><a class=\"themepark_icon_box  picmodle\"><div class=\"themepark_icon_box_i\"><div class=\"themepark_icon_box_i_out\"><img decoding=\"async\" src=\"http:\/\/jiujuauto.com\/wp-content\/uploads\/2025\/10\/\u4e45\u5de8\u81ea\u52a8\u5316-\u4ea7\u54c1\u54a8\u8be2\u4e2d\u5fc3.jpg\" alt=\"Consultation sur les cas de produits\" style=\"width:184px;\"\/><\/div><b style=\"font-size:15px;color:#3c3c3c;\">Consultation sur les cas de produits<\/b><\/div><div class=\"themepark_icon_box_d\" style=\"font-size:14px;color:#666666;\"><span><\/span><span><\/span><\/div><\/a><a class=\"themepark_icon_box  picmodle\"><div class=\"themepark_icon_box_i\"><div class=\"themepark_icon_box_i_out\"><img decoding=\"async\" src=\"http:\/\/jiujuauto.com\/wp-content\/uploads\/2025\/10\/\u4e45\u5de8\u81ea\u52a8\u5316-\u6280\u672f\u670d\u52a1\u4e2d\u5fc3.jpg\" alt=\"Conseil en mati\u00e8re de programmes techniques\" style=\"width:184px;\"\/><\/div><b style=\"font-size:15px;color:#3c3c3c;\">Conseil en mati\u00e8re de programmes techniques<\/b><\/div><\/a><a class=\"themepark_icon_box  picmodle\"><div class=\"themepark_icon_box_i\"><div class=\"themepark_icon_box_i_out\"><img decoding=\"async\" src=\"http:\/\/jiujuauto.com\/wp-content\/uploads\/2025\/10\/\u4e45\u5de8\u81ea\u52a8\u5316-\u552e\u540e\u670d\u52a1\u4e2d\u5fc3.jpg\" alt=\"Demande de service apr\u00e8s-vente\" style=\"width:184px;\"\/><\/div><b style=\"font-size:15px;color:#3c3c3c;\">Demande de service apr\u00e8s-vente<\/b><\/div><\/a><\/div><\/div><\/section>\n<\/div>\n<\/div><div class=\"layout_badh\"><\/div><\/section>\n<\/div>\n<\/div>\n<\/div>\n<\/div><div class=\"layout_badh\"><div class=\"PcOnly themepark-block_layout_ba lazyload swiper-lazy\" style=\"background-repeat:no-repeat;background-size:cover;background-attachment:fixed;\" data-background=\"http:\/\/data.themepark.com.cn\/2021\/n\/smartenterprise_data\/qy20\/uploads\/2023\/10\/news.jpg\"><\/div><div class=\"MovePnly themepark-block_layout_ba lazyload swiper-move-lazy\" style=\"background-repeat:no-repeat;background-size:cover;background-attachment:fixed;\" data-background=\"http:\/\/data.themepark.com.cn\/2021\/n\/smartenterprise_data\/qy20\/uploads\/2023\/10\/news.jpg\"><\/div><\/div><\/section>\n\n\n\n<section class=\"wp-block-themepark-block-themepark-area block_layout thempark-block undefined\" id=\"\" style=\"background-color:#ffffff;\" data-swiper-parallax=\"-700\"><div class=\"block_layout_in\" style=\"max-width:1440px;\">\n<div class=\"wp-block-column block_layout_in is-layout-flow wp-block-column-is-layout-flow\">\n<div class=\"wp-block-themepark-block-themepark-comment thempark-block themepark-comment undefined\" style=\"padding-bottom:20px;padding-top:20px;\"><div class=\"themepark-comment_in\" id=\"ud_form\"><div class=\"themepark-comment_inb2\"><div class=\"themepark-comment_inb\" style=\"\"><div class=\"themepark-comment_form nolable\" style=\"\"><div class=\"fromtts\" style=\"\"><span class=\"fromtt\" style=\"font-size:26px;\">Soumettez-nous votre demande et nous vous contacterons dans les 24 heures !<\/span><\/div><form id=\"commentform-park\" class=\"themepark-c-f twomo\" action=\"http:\/\/www.jiujuauto.com\/fr\/wp-comments-post.php\/\" method=\"post\" autocomplete=\"off\" data-trp-original-action=\"http:\/\/www.jiujuauto.com\/wp-comments-post.php\"><div class=\"themepark-comment_form_box tptext\" style=\"font-size:14px;\"><lable for=\"tpcommet0\" class=\"required\"><input type=\"text\" id=\"tpcommet0\" name=\"tpcommet0\" size=\"28\" required style=\"color:#616161;border: solid 1px #dfdfdf;background-color: #ffffff;\" placeholder=\"adresse comme\"\/><span class=\"required\">*<div class=\"required_tishi animated\"><i class=\"fas fa-exclamation-circle\"><\/i><span><\/span><\/div><\/span><\/lable><\/div><div class=\"themepark-comment_form_box tptext\" style=\"font-size:14px;\"><lable for=\"tpcommet1\" class=\"required\"><input type=\"text\" id=\"tpcommet1\" name=\"tpcommet1\" size=\"28\" required style=\"color:#616161;border: solid 1px #dfdfdf;background-color: #ffffff;\" placeholder=\"num\u00e9ro de t\u00e9l\u00e9phone\"\/><span class=\"required\">*<div class=\"required_tishi animated\"><i class=\"fas fa-exclamation-circle\"><\/i><span><\/span><\/div><\/span><\/lable><\/div><div class=\"themepark-comment_form_box tptext\" style=\"font-size:14px;\"><lable for=\"tpcommet2\" class=\"\"><input type=\"text\" id=\"tpcommet2\" name=\"tpcommet2\" size=\"28\" style=\"color:#616161;border: solid 1px #dfdfdf;background-color: #ffffff;\" placeholder=\"Nom de l&#039;entreprise\/unit\u00e9\"\/><\/lable><\/div><div class=\"themepark-comment_form_box tptext\" style=\"font-size:14px;\"><lable for=\"tpcommet3\" class=\"\"><input type=\"text\" id=\"tpcommet3\" name=\"tpcommet3\" size=\"28\" style=\"color:#616161;border: solid 1px #dfdfdf;background-color: #ffffff;\" placeholder=\"Montant du budget\"\/><\/lable><\/div><div class=\"themepark-comment_form_box tprideo\" style=\"font-size:14px;\"><lable for=\"tpcommet4\" class=\"rideos\"><p class=\"msspan\" style=\"color: #666666;\">Type d'\u00e9quipement achet\u00e9<\/p><lable class=\"rideo\" for=\"tpcommet40\" style=\"color:#616161;border: solid 1px #dfdfdf;background-color: #ffffff;\"><input autocomplete=\"off\" type=\"radio\" name=\"tpcommet4\" id=\"tpcommet40\" value=\"\u6c7d\u8f66\u5587\u53ed\u81ea\u52a8\u5316\u751f\u4ea7\u7ebf\"\/><span class=\"active\"><i class=\"fas fa-caret-right\"><\/i><\/span>Ligne de production automatis\u00e9e de klaxons de voitures<\/lable><lable class=\"rideo\" for=\"tpcommet41\" style=\"color:#616161;border: solid 1px #dfdfdf;background-color: #ffffff;\"><input autocomplete=\"off\" type=\"radio\" name=\"tpcommet4\" id=\"tpcommet41\" value=\"\u591a\u5a92\u4f53\u5587\u53ed\u81ea\u52a8\u5316\u751f\u4ea7\u7ebf\"\/><span class=\"active\"><i class=\"fas fa-caret-right\"><\/i><\/span>Ligne de production automatis\u00e9e pour haut-parleurs multim\u00e9dias<\/lable><lable class=\"rideo\" for=\"tpcommet42\" style=\"color:#616161;border: solid 1px #dfdfdf;background-color: #ffffff;\"><input autocomplete=\"off\" type=\"radio\" name=\"tpcommet4\" id=\"tpcommet42\" value=\"\u97f3\u54cd\u5587\u53ed\u81ea\u52a8\u5316\u751f\u4ea7\u7ebf\"\/><span class=\"active\"><i class=\"fas fa-caret-right\"><\/i><\/span>Ligne de production automatis\u00e9e de haut-parleurs audio<\/lable><lable class=\"rideo\" for=\"tpcommet43\" style=\"color:#616161;border: solid 1px #dfdfdf;background-color: #ffffff;\"><input autocomplete=\"off\" type=\"radio\" name=\"tpcommet4\" id=\"tpcommet43\" value=\"\u8033\u673a\u5587\u53ed\u81ea\u52a8\u5316\u751f\u4ea7\u7ebf\"\/><span class=\"active\"><i class=\"fas fa-caret-right\"><\/i><\/span>Ligne de production automatis\u00e9e de haut-parleurs pour casques d'\u00e9coute<\/lable><lable class=\"rideo\" for=\"tpcommet44\" style=\"color:#616161;border: solid 1px #dfdfdf;background-color: #ffffff;\"><input autocomplete=\"off\" type=\"radio\" name=\"tpcommet4\" id=\"tpcommet44\" value=\"\u624b\u673a\u5587\u53ed\u81ea\u52a8\u5316\u751f\u4ea7\u7ebf\"\/><span class=\"active\"><i class=\"fas fa-caret-right\"><\/i><\/span>Ligne de production automatis\u00e9e de haut-parleurs pour t\u00e9l\u00e9phones mobiles<\/lable><\/lable><\/div><div class=\"themepark-comment_form_box tpcheckbox\" style=\"font-size:14px;\"><lable for=\"tpcommet5\" class=\"checkboxs required\"><p class=\"msspan\" style=\"color: #666666;\">Sc\u00e9narios d'application de l'\u00e9quipement<\/p><lable autocomplete=\"off\" class=\"rideo\" for=\"tpcommet50\" style=\"color:#616161;border: solid 1px #dfdfdf;background-color: #ffffff;\"><input type=\"checkbox\" name=\"tpcommet5[]\" id=\"tpcommet50\" value=\"\u6c7d\u8f66\u5587\u53ed\"\/><span class=\"active\"><i class=\"fas fa-caret-right\"><\/i><\/span>klaxon de voiture<\/lable><lable autocomplete=\"off\" class=\"rideo\" for=\"tpcommet51\" style=\"color:#616161;border: solid 1px #dfdfdf;background-color: #ffffff;\"><input type=\"checkbox\" name=\"tpcommet5[]\" id=\"tpcommet51\" value=\"\u591a\u5a92\u4f53\u5587\u53ed\"\/><span class=\"active\"><i class=\"fas fa-caret-right\"><\/i><\/span>Haut-parleurs multim\u00e9dia<\/lable><lable autocomplete=\"off\" class=\"rideo\" for=\"tpcommet52\" style=\"color:#616161;border: solid 1px #dfdfdf;background-color: #ffffff;\"><input type=\"checkbox\" name=\"tpcommet5[]\" id=\"tpcommet52\" value=\"\u97f3\u54cd\u5587\u53ed\"\/><span class=\"active\"><i class=\"fas fa-caret-right\"><\/i><\/span>orateur<\/lable><lable autocomplete=\"off\" class=\"rideo\" for=\"tpcommet53\" style=\"color:#616161;border: solid 1px #dfdfdf;background-color: #ffffff;\"><input type=\"checkbox\" name=\"tpcommet5[]\" id=\"tpcommet53\" value=\"\u8033\u673a\u5587\u53ed\"\/><span class=\"active\"><i class=\"fas fa-caret-right\"><\/i><\/span>haut-parleur du casque<\/lable><lable autocomplete=\"off\" class=\"rideo\" for=\"tpcommet54\" style=\"color:#616161;border: solid 1px #dfdfdf;background-color: #ffffff;\"><input type=\"checkbox\" name=\"tpcommet5[]\" id=\"tpcommet54\" value=\"\u624b\u673a\u5587\u53ed\"\/><span class=\"active\"><i class=\"fas fa-caret-right\"><\/i><\/span>klaxon pour t\u00e9l\u00e9phone portable<\/lable><lable autocomplete=\"off\" class=\"rideo\" for=\"tpcommet55\" style=\"color:#616161;border: solid 1px #dfdfdf;background-color: #ffffff;\"><input type=\"checkbox\" name=\"tpcommet5[]\" id=\"tpcommet55\" value=\"\u7b14\u8bb0\u672c\u5587\u53ed\"\/><span class=\"active\"><i class=\"fas fa-caret-right\"><\/i><\/span>Haut-parleurs pour ordinateurs portables<\/lable><lable autocomplete=\"off\" class=\"rideo\" for=\"tpcommet56\" style=\"color:#616161;border: solid 1px #dfdfdf;background-color: #ffffff;\"><input type=\"checkbox\" name=\"tpcommet5[]\" id=\"tpcommet56\" value=\"\u5587\u53ed\u78c1\u8def\"\/><span class=\"active\"><i class=\"fas fa-caret-right\"><\/i><\/span>circuit magn\u00e9tique d'un haut-parleur<\/lable><span class=\"required\">*<div class=\"required_tishi animated\"><i class=\"fas fa-exclamation-circle\"><\/i><span><\/span><\/div><\/span><\/lable><\/div><div class=\"themepark-comment_form_box tpcheckbox\" style=\"font-size:14px;\"><lable for=\"tpcommet6\" class=\"checkboxs\"><p class=\"msspan\" style=\"color: #666666;\">Principales exigences en mati\u00e8re de services suppl\u00e9mentaires<\/p><lable autocomplete=\"off\" class=\"rideo\" for=\"tpcommet60\" style=\"color:#616161;border: solid 1px #dfdfdf;background-color: #ffffff;\"><input type=\"checkbox\" name=\"tpcommet6[]\" id=\"tpcommet60\" value=\"\u5587\u53ed\u81ea\u52a8\u5316\u751f\u4ea7\u7ebf\u5b9a\u5236\"\/><span class=\"active\"><i class=\"fas fa-caret-right\"><\/i><\/span>Ligne de production automatis\u00e9e personnalis\u00e9e pour haut-parleurs<\/lable><lable autocomplete=\"off\" class=\"rideo\" for=\"tpcommet61\" style=\"color:#616161;border: solid 1px #dfdfdf;background-color: #ffffff;\"><input type=\"checkbox\" name=\"tpcommet6[]\" id=\"tpcommet61\" value=\"\u6c7d\u8f66\u5587\u53ed\u81ea\u52a8\u5316\u751f\u4ea7\u7ebf\u5b9a\u5236\"\/><span class=\"active\"><i class=\"fas fa-caret-right\"><\/i><\/span>Ligne de production automatis\u00e9e personnalis\u00e9e pour klaxons de voiture<\/lable><lable autocomplete=\"off\" class=\"rideo\" for=\"tpcommet62\" style=\"color:#616161;border: solid 1px #dfdfdf;background-color: #ffffff;\"><input type=\"checkbox\" name=\"tpcommet6[]\" id=\"tpcommet62\" value=\"\u591a\u5a92\u4f53\u5587\u53ed\u81ea\u52a8\u5316\u751f\u4ea7\u7ebf\u5b9a\u5236\"\/><span class=\"active\"><i class=\"fas fa-caret-right\"><\/i><\/span>Ligne de production automatis\u00e9e personnalis\u00e9e pour haut-parleurs multim\u00e9dias<\/lable><lable autocomplete=\"off\" class=\"rideo\" for=\"tpcommet63\" style=\"color:#616161;border: solid 1px #dfdfdf;background-color: #ffffff;\"><input type=\"checkbox\" name=\"tpcommet6[]\" id=\"tpcommet63\" value=\"\u624b\u673a\u5587\u53ed\u81ea\u52a8\u5316\u751f\u4ea7\u7ebf\u5b9a\u5236\"\/><span class=\"active\"><i class=\"fas fa-caret-right\"><\/i><\/span>Ligne de production automatis\u00e9e personnalis\u00e9e pour haut-parleurs de t\u00e9l\u00e9phones portables<\/lable><lable autocomplete=\"off\" class=\"rideo\" for=\"tpcommet64\" style=\"color:#616161;border: solid 1px #dfdfdf;background-color: #ffffff;\"><input type=\"checkbox\" name=\"tpcommet6[]\" id=\"tpcommet64\" value=\"\u5587\u53ed\u81ea\u52a8\u5316\u7ebf\u6539\u9020\"\/><span class=\"active\"><i class=\"fas fa-caret-right\"><\/i><\/span>Modification de la ligne d'automatisation de la corne<\/lable><lable autocomplete=\"off\" class=\"rideo\" for=\"tpcommet65\" style=\"color:#616161;border: solid 1px #dfdfdf;background-color: #ffffff;\"><input type=\"checkbox\" name=\"tpcommet6[]\" id=\"tpcommet65\" value=\"\u6280\u672f\u54a8\u8be2\u670d\u52a1\"\/><span class=\"active\"><i class=\"fas fa-caret-right\"><\/i><\/span>Services de conseil technique<\/lable><\/lable><\/div><div class=\"themepark-comment_form_box tpTextarea\" style=\"font-size:14px;\"><lable for=\"tpcommet7\"><textarea id=\"tpcommet7\" name=\"tpcommet7\" style=\"color:#616161;border: solid 1px #dfdfdf;background-color: #ffffff;\" placeholder=\"Autres choses que vous souhaitez nous dire\"><\/textarea><\/lable><\/div><div class=\"hiddeninput\"><input name=\"comment_post_ID\" type=\"hidden\" value=\"333\"\/><input name=\"author\" type=\"hidden\" class=\"author\"\/><input name=\"email\" type=\"hidden\" class=\"email\"\/><textarea name=\"comment\" style=\"display:none\" class=\"comment\"><\/textarea><input name=\"themeparklable\" type=\"hidden\" value=\"\u79f0\u547c|\u8054\u7cfb\u7535\u8bdd|\u516c\u53f8\/\u5355\u4f4d\u540d\u79f0|\u9884\u7b97\u91d1\u989d|\u91c7\u8d2d\u8bbe\u5907\u7c7b\u578b|\u8bbe\u5907\u5e94\u7528\u573a\u666f|\u5173\u952e\u9644\u52a0\u670d\u52a1\u9700\u6c42|\u5176\u4ed6\u60f3\u8981\u548c\u6211\u4eec\u8bf4\u7684\"\/><input name=\"themeparktype\" type=\"hidden\" value=\"text|text|text|text|rideo|checkbox|checkbox|Textarea\"\/><input name=\"redirect_to\" type=\"hidden\" value=\"http:\/\/www.jiujuauto.com\"\/><input name=\"inquiryid\" type=\"hidden\"\/><input name=\"inquirytime\" type=\"hidden\"\/><input name=\"position\" type=\"hidden\"\/><\/div><div class=\"submut_box\"><input type=\"submit\" class=\"submut_btn\" name=\"submit\" style=\"background:#8cc63f;\" value=\"Soumission des exigences\"\/><div class=\"tishi\" style=\"color:#070707;\"><div class=\"loading\" style=\"color:#616161;\"><i class=\"fas fa-spinner\"><\/i>En cours de soumission de ....<\/div><div class=\"success\" style=\"color:#616161;\"><i class=\"fas fa-check\"><\/i>Envoy\u00e9 avec succ\u00e8s !<\/div><div class=\"erro\" style=\"color:#616161;\"><i class=\"fas fa-exclamation-circle\"><\/i>\u00c9chec de la soumission ! Veuillez r\u00e9essayer plus tard<\/div><div class=\"e-email\">Erreur de bo\u00eete aux lettres !<\/div><div class=\"e-tel\">Erreur de t\u00e9l\u00e9phone !<\/div><\/div><\/div><input type=\"hidden\" name=\"trp-form-language\" value=\"fr\"\/><\/form><\/div><div class=\"wp_clear\"><\/div><\/div><div class=\"themepark-comment_in_b\" style=\"opacity:0.83;background-color:#ffffff;transform:scaleX(1.089) scaleY(1.0129)\"><\/div><\/div><\/div><div class=\"wp_clear\"><\/div><\/div>\n<\/div>\n<\/div><div class=\"layout_badh\"><\/div><\/section>\n\n\n\n<p><\/p>","protected":false},"excerpt":{"rendered":"","protected":false},"author":1,"featured_media":0,"parent":0,"menu_order":0,"comment_status":"open","ping_status":"closed","template":"","meta":{"_seopress_robots_primary_cat":"","_seopress_titles_title":"","_seopress_titles_desc":"","_seopress_robots_index":"","_monsterinsights_skip_tracking":false,"_monsterinsights_sitenote_active":false,"_monsterinsights_sitenote_note":"","_monsterinsights_sitenote_category":0,"themepark_post_bcolor":"","themepark_post_width":"100%","themepark_post_img":"","themepark_post_img_po":"left","themepark_post_img_re":false,"themepark_post_img_cover":false,"themepark_post_img_fixed":false,"themepark_post_hide_title":true,"themepark_post_main_b":"#f5f5f5","themepark_post_main_p":100,"themepark_paddingblock":true,"footnotes":""},"class_list":["post-597","page","type-page","status-publish","hentry"],"_links":{"self":[{"href":"https:\/\/www.jiujuauto.com\/fr\/wp-json\/wp\/v2\/pages\/597","targetHints":{"allow":["GET"]}}],"collection":[{"href":"https:\/\/www.jiujuauto.com\/fr\/wp-json\/wp\/v2\/pages"}],"about":[{"href":"https:\/\/www.jiujuauto.com\/fr\/wp-json\/wp\/v2\/types\/page"}],"author":[{"embeddable":true,"href":"https:\/\/www.jiujuauto.com\/fr\/wp-json\/wp\/v2\/users\/1"}],"replies":[{"embeddable":true,"href":"https:\/\/www.jiujuauto.com\/fr\/wp-json\/wp\/v2\/comments?post=597"}],"version-history":[{"count":30,"href":"https:\/\/www.jiujuauto.com\/fr\/wp-json\/wp\/v2\/pages\/597\/revisions"}],"predecessor-version":[{"id":6284,"href":"https:\/\/www.jiujuauto.com\/fr\/wp-json\/wp\/v2\/pages\/597\/revisions\/6284"}],"wp:attachment":[{"href":"https:\/\/www.jiujuauto.com\/fr\/wp-json\/wp\/v2\/media?parent=597"}],"curies":[{"name":"wp","href":"https:\/\/api.w.org\/{rel}","templated":true}]}}