{"id":5710,"date":"2025-11-13T15:42:58","date_gmt":"2025-11-13T07:42:58","guid":{"rendered":"https:\/\/www.jiujuauto.com\/?page_id=5710"},"modified":"2026-03-31T20:27:35","modified_gmt":"2026-03-31T12:27:35","slug":"qa","status":"publish","type":"page","link":"https:\/\/www.jiujuauto.com\/fr\/contact\/qa.html","title":{"rendered":"Questions fr\u00e9quemment pos\u00e9es"},"content":{"rendered":"<section class=\"wp-block-themepark-block-themepark-area block_layout thempark-block undefined bom100 top100\" id=\"\" style=\"padding-top:258px;height:600px;box-sizing: border-box;width: 100%;\" data-swiper-parallax=\"-700\"><div class=\"block_layout_in\" style=\"\">\n<div class=\"wp-block-column block_layout_in is-layout-flow wp-block-column-is-layout-flow\"><\/div>\n<\/div><div class=\"layout_badh\"><div class=\"shizhezhao\" style=\"opacity:0.39;background-color:#000000;\"><\/div><div class=\"PcOnly themepark-block_layout_ba lazyload swiper-lazy\" style=\"background-repeat:no-repeat;background-size:cover;background-position:center;\" data-background=\"http:\/\/www.jiujuauto.com\/wp-content\/uploads\/2025\/11\/\u4e45\u5de8\u81ea\u52a8\u5316-\u626c\u58f0\u5668\u81ea\u52a8\u5316\u751f\u4ea7\u7ebf-1.jpg\"><\/div><div class=\"MovePnly themepark-block_layout_ba lazyload swiper-move-lazy\" style=\"background-repeat:no-repeat;background-size:cover;background-position:center;\" data-background=\"http:\/\/jiujuauto.com\/wp-content\/uploads\/2025\/10\/\u4e45\u5de8\u81ea\u52a8\u5316\u8054\u7cfb\u6211\u4eec.jpg\"><\/div><\/div><\/section>\n\n\n\n<section class=\"wp-block-themepark-block-themepark-area block_layout thempark-block undefined bom20 top20\" id=\"\" style=\"padding-bottom:40px;padding-top:57px;\" data-swiper-parallax=\"-700\"><div class=\"block_layout_in\" style=\"\"><div class=\"post_in_list_head modle_title2\"><h3><span style=\"\" class=\"main-title has-large-font-size\">Questions fr\u00e9quemment pos\u00e9es<\/span><\/h3><div class=\"title_boout\"><div class=\"title_bo\" style=\"border-bottom:1px solid #ccc;\"><\/div><\/div><\/div>\n<div class=\"wp-block-column block_layout_in is-layout-flow wp-block-column-is-layout-flow\"><div class=\"product_loop  radius   mian_loop  bigfont\" id=\"pro_list_2\"><div class=\"product_post  list_h h_w\" ><a href=\"https:\/\/www.jiujuauto.com\/fr\/centre-de-traitement-des-cas\/6341.html\" class=\"product_pic postatty\" ><img loading=\"lazy\" decoding=\"async\" class=\"lazyload\" src=\"https:\/\/www.jiujuauto.com\/wp-content\/themes\/smartenterprise\/images\/loadings.png\" data-src=\"https:\/\/www.jiujuauto.com\/wp-content\/uploads\/2026\/03\/\u4e45\u5de8-\u5587\u53ed\u81ea\u52a8\u5316\u751f\u4ea7\u7ebf-300x300.jpg\" width=\"300\" height=\"300\" alt=\"Ligne de production automatis\u00e9e JiuJu Horn : vitesse \u00e9lev\u00e9e, pr\u00e9cision stable et contr\u00f4lable, fissure la...\" title=\"Ligne de production automatis\u00e9e JiuJu Horn : vitesse \u00e9lev\u00e9e, pr\u00e9cision stable et contr\u00f4lable, fissure la...\"\/><\/a><div class=\"product_info\"><h3 class=\"pro_title\"><a href=\"https:\/\/www.jiujuauto.com\/fr\/centre-de-traitement-des-cas\/6341.html\">Ligne de production automatis\u00e9e de haut-parleurs JiuJu : vitesse \u00e9lev\u00e9e, stabilit\u00e9 et pr\u00e9cision contr\u00f4lables, pour r\u00e9soudre les probl\u00e8mes de faible efficacit\u00e9 de production de l'usine de haut-parleurs.<\/a><\/h3><div class=\"postdes\"><span><i class=\"fa fa-tag\"><\/i><a target=\"_blank\" id=\"tagss\" href=\"https:\/\/www.jiujuauto.com\/fr\/tag\/%e4%b9%85%e5%b7%a8%e5%96%87%e5%8f%ad%e8%87%aa%e5%8a%a8%e5%8c%96\">Automatisation de la corne Jumbo<\/a><a target=\"_blank\" id=\"tagss\" href=\"https:\/\/www.jiujuauto.com\/fr\/tag\/%e5%96%87%e5%8f%ad%e8%87%aa%e5%8a%a8%e5%8c%96\">Automatisation du klaxon<\/a><a target=\"_blank\" id=\"tagss\" href=\"https:\/\/www.jiujuauto.com\/fr\/tag\/%e5%96%87%e5%8f%ad%e8%87%aa%e5%8a%a8%e5%8c%96%e7%94%9f%e4%ba%a7%e7%ba%bf\">Ligne de production automatis\u00e9e de cornes<\/a><a target=\"_blank\" id=\"tagss\" href=\"https:\/\/www.jiujuauto.com\/fr\/tag\/%e5%96%87%e5%8f%ad%e8%87%aa%e5%8a%a8%e5%8c%96%e7%ba%bf\">Ligne d'automatisation de la corne<\/a><a target=\"_blank\" id=\"tagss\" href=\"https:\/\/www.jiujuauto.com\/fr\/tag\/%e6%b1%bd%e8%bd%a6%e5%96%87%e5%8f%ad%e8%87%aa%e5%8a%a8%e5%8c%96\">Automatisation des klaxons automobiles<\/a><\/span><\/div><p class=\"des\">Dans le cadre du d\u00e9veloppement rapide de l'industrie \u00e9lectroacoustique, les haut-parleurs sont des composants essentiels de l'\u00e9quipement audio, des casques, de l'\u00e9quipement audio et vid\u00e9o de la voiture, de la maison intelligente et d'autres \u00e9quipements, et la demande du march\u00e9 ne cesse d'augmenter. Dans le m\u00eame temps, le mod\u00e8le traditionnel de production de haut-parleurs pr\u00e9sente g\u00e9n\u00e9ralement un degr\u00e9 \u00e9lev\u00e9 de d\u00e9pendance artificielle, une faible efficacit\u00e9 de production, une faible coh\u00e9rence des produits, un rendement instable et d'autres points probl\u00e9matiques, ce qui limite non seulement l'expansion de la capacit\u00e9 de l'entreprise, mais augmente \u00e9galement les co\u00fbts de production et les difficult\u00e9s de gestion. JiuJu plough horn automation equipment research and development and manufacturing for many years, to create a professional horn automation production line, with high-speed and stable performance, accurate and controllable production...<\/p><a  class=\"probtn\"href=\"https:\/\/www.jiujuauto.com\/fr\/centre-de-traitement-des-cas\/6341.html\"><i class=\"fas fa-chevron-circle-right\"><\/i>Informations d\u00e9taill\u00e9es<\/a><\/div><\/div><div class=\"product_post  list_h h_w\" ><a href=\"https:\/\/www.jiujuauto.com\/fr\/faq\/6175.html\" class=\"product_pic postatty\" ><img loading=\"lazy\" decoding=\"async\" class=\"lazyload\" src=\"https:\/\/www.jiujuauto.com\/wp-content\/themes\/smartenterprise\/images\/loadings.png\" data-src=\"https:\/\/www.jiujuauto.com\/wp-content\/uploads\/2025\/12\/\u4e45\u5de8\u5587\u53ed\u81ea\u52a8\u5316\u751f\u4ea7\u7ebf-300x300.jpg\" width=\"300\" height=\"300\" alt=\"A quoi dois-je faire attention lors de l&#039;installation et de la mise en service de l&#039;\u00e9quipement d&#039;automatisation des haut-parleurs ? Guide d&#039;installation avec ...\" title=\"A quoi dois-je faire attention lors de l&#039;installation et de la mise en service de l&#039;\u00e9quipement d&#039;automatisation des haut-parleurs ? Guide d&#039;installation avec ...\"\/><\/a><div class=\"product_info\"><h3 class=\"pro_title\"><a href=\"https:\/\/www.jiujuauto.com\/fr\/faq\/6175.html\">\u00c0 quoi dois-je faire attention lors de l'installation et de la mise en service de l'\u00e9quipement d'automatisation des haut-parleurs ? Directives d'installation et points de mise en service<\/a><\/h3><div class=\"postdes\"><span><i class=\"fa fa-tag\"><\/i><a target=\"_blank\" id=\"tagss\" href=\"https:\/\/www.jiujuauto.com\/fr\/tag\/%e5%96%87%e5%8f%ad%e8%87%aa%e5%8a%a8%e5%8c%96\">Automatisation du klaxon<\/a><a target=\"_blank\" id=\"tagss\" href=\"https:\/\/www.jiujuauto.com\/fr\/tag\/%e5%96%87%e5%8f%ad%e8%87%aa%e5%8a%a8%e5%8c%96%e7%94%9f%e4%ba%a7%e7%ba%bf\">Ligne de production automatis\u00e9e de cornes<\/a><a target=\"_blank\" id=\"tagss\" href=\"https:\/\/www.jiujuauto.com\/fr\/tag\/%e6%b1%bd%e8%bd%a6%e5%96%87%e5%8f%ad%e8%87%aa%e5%8a%a8%e5%8c%96\">Automatisation des klaxons automobiles<\/a><\/span><\/div><p class=\"des\">Q : \u00c0 quoi dois-je faire attention lors de l'installation et de la mise en service de l'\u00e9quipement d'automatisation des enceintes ? Comment assurer l'installation correcte et le fonctionnement normal de l'\u00e9quipement ? R : L'installation et la mise en service de l'\u00e9quipement d'automatisation des haut-parleurs doivent garantir le fonctionnement normal de l'\u00e9quipement. Vous devez faire attention aux points suivants : Exigences relatives au site d'installation : 1. le site doit \u00eatre sec, bien ventil\u00e9, afin d'\u00e9viter les environnements humides et poussi\u00e9reux ; 2. le sol doit \u00eatre plat, solide et capable de supporter le poids de l'\u00e9quipement ; 3. l'\u00e9quipement doit \u00eatre entour\u00e9 d'un espace de fonctionnement et d'un espace de maintenance suffisants ; 4. il doit \u00eatre \u00e9loign\u00e9 de la source d'interf\u00e9rence avec le champ magn\u00e9tique puissant, tel que les gros moteurs ; 5. l'\u00e9quipement doit \u00eatre install\u00e9 dans un endroit sec et bien ventil\u00e9, afin d'\u00e9viter les environnements humides et poussi\u00e9reux ; 6. l'\u00e9quipement doit \u00eatre install\u00e9 dans un endroit sec et bien ventil\u00e9, afin d'\u00e9viter les environnements humides et poussi\u00e9reux, transformateur...<\/p><a  class=\"probtn\"href=\"https:\/\/www.jiujuauto.com\/fr\/faq\/6175.html\"><i class=\"fas fa-chevron-circle-right\"><\/i>Informations d\u00e9taill\u00e9es<\/a><\/div><\/div><div class=\"product_post  list_h h_w\" ><a href=\"https:\/\/www.jiujuauto.com\/fr\/faq\/6183.html\" class=\"product_pic postatty\" ><img loading=\"lazy\" decoding=\"async\" class=\"lazyload\" src=\"https:\/\/www.jiujuauto.com\/wp-content\/themes\/smartenterprise\/images\/loadings.png\" data-src=\"https:\/\/www.jiujuauto.com\/wp-content\/uploads\/2025\/12\/\u4e45\u5de8\u97f3\u54cd\u5587\u53ed\u81ea\u52a8\u5316\u751f\u4ea7\u7ebf-300x300.jpg\" width=\"300\" height=\"300\" alt=\"Comment am\u00e9liorer la productivit\u00e9 des \u00e9quipements d&#039;automatisation des enceintes ? Techniques et m\u00e9thodes d&#039;am\u00e9lioration de l&#039;efficacit\u00e9\" title=\"Comment am\u00e9liorer la productivit\u00e9 des \u00e9quipements d&#039;automatisation des enceintes ? Techniques et m\u00e9thodes d&#039;am\u00e9lioration de l&#039;efficacit\u00e9\"\/><\/a><div class=\"product_info\"><h3 class=\"pro_title\"><a href=\"https:\/\/www.jiujuauto.com\/fr\/faq\/6183.html\">Comment am\u00e9liorer la productivit\u00e9 des \u00e9quipements d'automatisation des enceintes ? Techniques et m\u00e9thodes d'am\u00e9lioration de l'efficacit\u00e9<\/a><\/h3><div class=\"postdes\"><span><i class=\"fa fa-tag\"><\/i><a target=\"_blank\" id=\"tagss\" href=\"https:\/\/www.jiujuauto.com\/fr\/tag\/%e5%96%87%e5%8f%ad%e8%ae%be%e5%a4%87%e6%95%88%e7%8e%87%e6%8f%90%e5%8d%87\">Am\u00e9lioration de l'efficacit\u00e9 de l'\u00e9quipement Horn<\/a><a target=\"_blank\" id=\"tagss\" href=\"https:\/\/www.jiujuauto.com\/fr\/tag\/%e6%95%88%e7%8e%87%e6%94%b9%e8%bf%9b%e6%96%b9%e6%b3%95\">M\u00e9thodes d'am\u00e9lioration de l'efficacit\u00e9<\/a><a target=\"_blank\" id=\"tagss\" href=\"https:\/\/www.jiujuauto.com\/fr\/tag\/%e7%94%9f%e4%ba%a7%e6%95%88%e7%8e%87%e6%8a%80%e6%9c%af\">Technologies de productivit\u00e9<\/a><a target=\"_blank\" id=\"tagss\" href=\"https:\/\/www.jiujuauto.com\/fr\/tag\/%e7%94%9f%e4%ba%a7%e6%95%88%e7%8e%87%e7%ae%a1%e7%90%86\">Gestion de la productivit\u00e9<\/a><a target=\"_blank\" id=\"tagss\" href=\"https:\/\/www.jiujuauto.com\/fr\/tag\/%e8%ae%be%e5%a4%87%e4%bc%98%e5%8c%96%e6%8f%90%e5%8d%87\">Am\u00e9lioration de l'optimisation des \u00e9quipements<\/a><\/span><\/div><p class=\"des\">Comment am\u00e9liorer l'efficacit\u00e9 de l'\u00e9quipement d'automatisation de la corne ? Cet article pr\u00e9sente les technologies et m\u00e9thodes cl\u00e9s de l'\u00e9quipement d'automatisation de la corne pour am\u00e9liorer l'efficacit\u00e9 de la production, y compris l'optimisation de l'\u00e9quipement, l'am\u00e9lioration du processus, l'am\u00e9lioration de la gestion, etc.<\/p><a  class=\"probtn\"href=\"https:\/\/www.jiujuauto.com\/fr\/faq\/6183.html\"><i class=\"fas fa-chevron-circle-right\"><\/i>Informations d\u00e9taill\u00e9es<\/a><\/div><\/div><div class=\"product_post  list_h h_w\" ><a href=\"https:\/\/www.jiujuauto.com\/fr\/faq\/6186.html\" class=\"product_pic postatty\" ><img loading=\"lazy\" decoding=\"async\" class=\"lazyload\" src=\"https:\/\/www.jiujuauto.com\/wp-content\/themes\/smartenterprise\/images\/loadings.png\" data-src=\"https:\/\/www.jiujuauto.com\/wp-content\/uploads\/2025\/12\/\u4e45\u5de8-\u5587\u53ed\u81ea\u52a8\u5316\u8bbe\u5907-300x300.jpg\" width=\"300\" height=\"300\" alt=\"Quelle est la relation entre l&#039;\u00e9quipement d&#039;automatisation de la corne et la fabrication intelligente ? La technologie de fabrication intelligente devrait ...\" title=\"Quelle est la relation entre l&#039;\u00e9quipement d&#039;automatisation de la corne et la fabrication intelligente ? La technologie de fabrication intelligente devrait ...\"\/><\/a><div class=\"product_info\"><h3 class=\"pro_title\"><a href=\"https:\/\/www.jiujuauto.com\/fr\/faq\/6186.html\">Relation entre l'\u00e9quipement d'automatisation de la corne et la fabrication intelligente ? Analyse des applications de la technologie de fabrication intelligente<\/a><\/h3><div class=\"postdes\"><span><i class=\"fa fa-tag\"><\/i><a target=\"_blank\" id=\"tagss\" href=\"https:\/\/www.jiujuauto.com\/fr\/tag\/%e4%ba%ba%e5%b7%a5%e6%99%ba%e8%83%bd%e5%ba%94%e7%94%a8\">application de l'intelligence artificielle (IA)<\/a><a target=\"_blank\" id=\"tagss\" href=\"https:\/\/www.jiujuauto.com\/fr\/tag\/%e5%96%87%e5%8f%ad%e8%ae%be%e5%a4%87%e6%99%ba%e8%83%bd%e5%88%b6%e9%80%a0\">Fabrication intelligente de l'\u00e9quipement Horn<\/a><a target=\"_blank\" id=\"tagss\" href=\"https:\/\/www.jiujuauto.com\/fr\/tag\/%e5%b7%a5%e4%b8%9a4-0%e5%ba%94%e7%94%a8\">Applications de l'industrie 4.0<\/a><a target=\"_blank\" id=\"tagss\" href=\"https:\/\/www.jiujuauto.com\/fr\/tag\/%e6%99%ba%e8%83%bd%e5%88%b6%e9%80%a0%e8%b6%8b%e5%8a%bf\">Tendances de la fabrication intelligente<\/a><a target=\"_blank\" id=\"tagss\" href=\"https:\/\/www.jiujuauto.com\/fr\/tag\/%e7%89%a9%e8%81%94%e7%bd%91%e6%8a%80%e6%9c%af\">Technologie de l'internet des objets (IoT)<\/a><\/span><\/div><p class=\"des\">Quelle est la relation entre l'\u00e9quipement d'automatisation de la corne et la fabrication intelligente ? Cet article pr\u00e9sente l'application de la technologie de fabrication intelligente dans l'\u00e9quipement d'automatisation de la corne, y compris l'industrie 4.0, l'Internet des objets, l'intelligence artificielle et d'autres technologies, pour vous aider \u00e0 comprendre la tendance de d\u00e9veloppement de la fabrication intelligente.<\/p><a  class=\"probtn\"href=\"https:\/\/www.jiujuauto.com\/fr\/faq\/6186.html\"><i class=\"fas fa-chevron-circle-right\"><\/i>Informations d\u00e9taill\u00e9es<\/a><\/div><\/div><div class=\"product_post  list_h h_w\" ><a href=\"https:\/\/www.jiujuauto.com\/fr\/faq\/6190.html\" class=\"product_pic postatty\" ><img loading=\"lazy\" decoding=\"async\" class=\"lazyload\" src=\"https:\/\/www.jiujuauto.com\/wp-content\/themes\/smartenterprise\/images\/loadings.png\" data-src=\"https:\/\/www.jiujuauto.com\/wp-content\/uploads\/2025\/12\/\u4e45\u5de8-\u5587\u53ed\u81ea\u52a8\u5316\u7ebf-300x300.jpg\" width=\"300\" height=\"300\" alt=\"Comment assurer la qualit\u00e9 des \u00e9quipements d&#039;automatisation de la corne ? Techniques et m\u00e9thodes de contr\u00f4le de la qualit\u00e9\" title=\"Comment assurer la qualit\u00e9 des \u00e9quipements d&#039;automatisation de la corne ? Techniques et m\u00e9thodes de contr\u00f4le de la qualit\u00e9\"\/><\/a><div class=\"product_info\"><h3 class=\"pro_title\"><a href=\"https:\/\/www.jiujuauto.com\/fr\/faq\/6190.html\">Comment assurer la qualit\u00e9 des \u00e9quipements d'automatisation de la corne ? Techniques et m\u00e9thodes de contr\u00f4le de la qualit\u00e9<\/a><\/h3><div class=\"postdes\"><span><i class=\"fa fa-tag\"><\/i><a target=\"_blank\" id=\"tagss\" href=\"https:\/\/www.jiujuauto.com\/fr\/tag\/%e4%ba%a7%e5%93%81%e8%b4%a8%e9%87%8f%e8%bf%bd%e6%ba%af\">Tra\u00e7abilit\u00e9 de la qualit\u00e9 des produits<\/a><a target=\"_blank\" id=\"tagss\" href=\"https:\/\/www.jiujuauto.com\/fr\/tag\/%e5%96%87%e5%8f%ad%e8%ae%be%e5%a4%87%e8%b4%a8%e9%87%8f%e6%8e%a7%e5%88%b6\">Contr\u00f4le de la qualit\u00e9 des \u00e9quipements de haut-parleurs<\/a><a target=\"_blank\" id=\"tagss\" href=\"https:\/\/www.jiujuauto.com\/fr\/tag\/%e8%87%aa%e5%8a%a8%e5%8c%96%e8%b4%a8%e9%87%8f%e4%bf%9d%e8%af%81\">Assurance qualit\u00e9 automatis\u00e9e<\/a><a target=\"_blank\" id=\"tagss\" href=\"https:\/\/www.jiujuauto.com\/fr\/tag\/%e8%b4%a8%e9%87%8f%e6%8e%a7%e5%88%b6%e6%96%b9%e6%b3%95\">M\u00e9thodes de contr\u00f4le de la qualit\u00e9<\/a><a target=\"_blank\" id=\"tagss\" href=\"https:\/\/www.jiujuauto.com\/fr\/tag\/%e8%b4%a8%e9%87%8f%e6%a3%80%e6%b5%8b%e6%8a%80%e6%9c%af\">Techniques d'inspection de la qualit\u00e9<\/a><\/span><\/div><p class=\"des\">Comment assurer la qualit\u00e9 de l'\u00e9quipement d'automatisation de la corne ? Cet article pr\u00e9sente la technologie et les m\u00e9thodes de contr\u00f4le de la qualit\u00e9 des \u00e9quipements d'automatisation des cornes, y compris l'inspection en ligne, le r\u00e9glage automatique, la tra\u00e7abilit\u00e9 de la qualit\u00e9, etc., afin de vous aider \u00e0 comprendre comment assurer la qualit\u00e9 des produits gr\u00e2ce aux \u00e9quipements d'automatisation.<\/p><a  class=\"probtn\"href=\"https:\/\/www.jiujuauto.com\/fr\/faq\/6190.html\"><i class=\"fas fa-chevron-circle-right\"><\/i>Informations d\u00e9taill\u00e9es<\/a><\/div><\/div><div class=\"product_post  list_h h_w\" ><a href=\"https:\/\/www.jiujuauto.com\/fr\/faq\/6194.html\" class=\"product_pic postatty\" ><img loading=\"lazy\" decoding=\"async\" class=\"lazyload\" src=\"https:\/\/www.jiujuauto.com\/wp-content\/themes\/smartenterprise\/images\/loadings.png\" data-src=\"https:\/\/www.jiujuauto.com\/wp-content\/uploads\/2025\/12\/\u4e45\u5de8-\u667a\u80fd\u97f3\u54cd\u5587\u53ed\u81ea\u52a8\u5316\u751f\u4ea7\u7ebf-300x300.jpg\" width=\"300\" height=\"300\" alt=\"L&#039;\u00e9quipement d&#039;automatisation de la corne : opportunit\u00e9s et d\u00e9fis pour l&#039;avenir ? Analyse des perspectives de l&#039;industrie\" title=\"L&#039;\u00e9quipement d&#039;automatisation de la corne : opportunit\u00e9s et d\u00e9fis pour l&#039;avenir ? Analyse des perspectives de l&#039;industrie\"\/><\/a><div class=\"product_info\"><h3 class=\"pro_title\"><a href=\"https:\/\/www.jiujuauto.com\/fr\/faq\/6194.html\">L'\u00e9quipement d'automatisation de la corne : opportunit\u00e9s et d\u00e9fis pour l'avenir ? Analyse des perspectives de l'industrie<\/a><\/h3><div class=\"postdes\"><span><i class=\"fa fa-tag\"><\/i><a target=\"_blank\" id=\"tagss\" href=\"https:\/\/www.jiujuauto.com\/fr\/tag\/%e5%96%87%e5%8f%ad%e8%ae%be%e5%a4%87%e5%8f%91%e5%b1%95%e6%9c%ba%e9%81%87\">Possibilit\u00e9s de d\u00e9veloppement de l'\u00e9quipement de la corne<\/a><a target=\"_blank\" id=\"tagss\" href=\"https:\/\/www.jiujuauto.com\/fr\/tag\/%e5%b8%82%e5%9c%ba%e5%89%8d%e6%99%af%e5%b1%95%e6%9c%9b\">Perspectives du march\u00e9<\/a><a target=\"_blank\" id=\"tagss\" href=\"https:\/\/www.jiujuauto.com\/fr\/tag\/%e6%88%98%e7%95%a5%e5%86%b3%e7%ad%96%e5%8f%82%e8%80%83\">R\u00e9f\u00e9rence en mati\u00e8re de prise de d\u00e9cision strat\u00e9gique<\/a><a target=\"_blank\" id=\"tagss\" href=\"https:\/\/www.jiujuauto.com\/fr\/tag\/%e6%9c%aa%e6%9d%a5%e8%b6%8b%e5%8a%bf%e9%a2%84%e6%b5%8b\">Pr\u00e9vision des tendances futures<\/a><a target=\"_blank\" id=\"tagss\" href=\"https:\/\/www.jiujuauto.com\/fr\/tag\/%e8%a1%8c%e4%b8%9a%e6%8c%91%e6%88%98%e5%88%86%e6%9e%90\">Analyse des d\u00e9fis du secteur<\/a><\/span><\/div><p class=\"des\">Quelles sont les perspectives de d\u00e9veloppement de l'\u00e9quipement d'automatisation de la corne ? Cet article analyse les opportunit\u00e9s, les d\u00e9fis et les tendances futures de l'industrie de l'\u00e9quipement d'automatisation de la corne pour vous aider \u00e0 comprendre les perspectives de l'industrie et \u00e0 prendre des d\u00e9cisions strat\u00e9giques.<\/p><a  class=\"probtn\"href=\"https:\/\/www.jiujuauto.com\/fr\/faq\/6194.html\"><i class=\"fas fa-chevron-circle-right\"><\/i>Informations d\u00e9taill\u00e9es<\/a><\/div><\/div><div class=\"product_post  list_h h_w\" ><a href=\"https:\/\/www.jiujuauto.com\/fr\/faq\/6198.html\" class=\"product_pic postatty\" ><img loading=\"lazy\" decoding=\"async\" class=\"lazyload\" src=\"https:\/\/www.jiujuauto.com\/wp-content\/themes\/smartenterprise\/images\/loadings.png\" data-src=\"https:\/\/www.jiujuauto.com\/wp-content\/uploads\/2025\/12\/\u4e45\u5de8\u81ea\u52a8\u5316-\u5587\u53ed\u81ea\u52a8\u5316\u8bbe\u5907-300x300.jpg\" width=\"300\" height=\"300\" alt=\"Comment \u00e9valuer les risques li\u00e9s \u00e0 l&#039;investissement dans des \u00e9quipements d&#039;automatisation des enceintes ? Analyse des risques et strat\u00e9gies d&#039;adaptation\" title=\"Comment \u00e9valuer les risques li\u00e9s \u00e0 l&#039;investissement dans des \u00e9quipements d&#039;automatisation des enceintes ? Analyse des risques et strat\u00e9gies d&#039;adaptation\"\/><\/a><div class=\"product_info\"><h3 class=\"pro_title\"><a href=\"https:\/\/www.jiujuauto.com\/fr\/faq\/6198.html\">Comment \u00e9valuer les risques li\u00e9s \u00e0 l'investissement dans des \u00e9quipements d'automatisation des enceintes ? Analyse des risques et strat\u00e9gies d'adaptation<\/a><\/h3><div class=\"postdes\"><span><i class=\"fa fa-tag\"><\/i><a target=\"_blank\" id=\"tagss\" href=\"https:\/\/www.jiujuauto.com\/fr\/tag\/%e5%96%87%e5%8f%ad%e8%ae%be%e5%a4%87%e6%8a%95%e8%b5%84%e9%a3%8e%e9%99%a9\">Risque d'investissement dans les \u00e9quipements de corne<\/a><a target=\"_blank\" id=\"tagss\" href=\"https:\/\/www.jiujuauto.com\/fr\/tag\/%e6%8a%95%e8%b5%84%e5%86%b3%e7%ad%96%e5%8f%82%e8%80%83\">D\u00e9cision d'investissement R\u00e9f\u00e9rence<\/a><a target=\"_blank\" id=\"tagss\" href=\"https:\/\/www.jiujuauto.com\/fr\/tag\/%e6%8a%95%e8%b5%84%e9%a3%8e%e9%99%a9%e5%ba%94%e5%af%b9\">R\u00e9ponse au risque d'investissement<\/a><a target=\"_blank\" id=\"tagss\" href=\"https:\/\/www.jiujuauto.com\/fr\/tag\/%e9%a3%8e%e9%99%a9%e6%8e%a7%e5%88%b6%e7%ad%96%e7%95%a5\">Strat\u00e9gie de contr\u00f4le des risques<\/a><a target=\"_blank\" id=\"tagss\" href=\"https:\/\/www.jiujuauto.com\/fr\/tag\/%e9%a3%8e%e9%99%a9%e8%af%84%e4%bc%b0%e5%88%86%e6%9e%90\">Analyse de l'\u00e9valuation des risques<\/a><\/span><\/div><p class=\"des\">L'investissement dans le mat\u00e9riel d'automatisation \u00e0 cornet pr\u00e9sente-t-il des risques ? Cet article analyse en d\u00e9tail les principaux facteurs de risque li\u00e9s \u00e0 l'investissement dans les \u00e9quipements d'automatisation \u00e0 cornet, notamment le risque technologique, le risque de march\u00e9, le risque financier, etc. et propose des strat\u00e9gies d'adaptation correspondantes.<\/p><a  class=\"probtn\"href=\"https:\/\/www.jiujuauto.com\/fr\/faq\/6198.html\"><i class=\"fas fa-chevron-circle-right\"><\/i>Informations d\u00e9taill\u00e9es<\/a><\/div><\/div><div class=\"product_post  list_h h_w\" ><a href=\"https:\/\/www.jiujuauto.com\/fr\/faq\/6201.html\" class=\"product_pic postatty\" ><img loading=\"lazy\" decoding=\"async\" class=\"lazyload\" src=\"https:\/\/www.jiujuauto.com\/wp-content\/themes\/smartenterprise\/images\/loadings.png\" data-src=\"https:\/\/www.jiujuauto.com\/wp-content\/uploads\/2025\/12\/\u4e45\u5de8\u81ea\u52a8\u5316-\u626c\u58f0\u5668\u81ea\u52a8\u5316\u751f\u4ea7\u7ebf-300x300.jpg\" width=\"300\" height=\"300\" alt=\"Comment l&#039;\u00e9quipement d&#039;automatisation des haut-parleurs permet-il une production flexible ? Technologie et applications de la fabrication flexible\" title=\"Comment l&#039;\u00e9quipement d&#039;automatisation des haut-parleurs permet-il une production flexible ? Technologie et applications de la fabrication flexible\"\/><\/a><div class=\"product_info\"><h3 class=\"pro_title\"><a href=\"https:\/\/www.jiujuauto.com\/fr\/faq\/6201.html\">Comment l'\u00e9quipement d'automatisation des haut-parleurs permet-il une production flexible ? Technologie et applications de la fabrication flexible<\/a><\/h3><div class=\"postdes\"><span><i class=\"fa fa-tag\"><\/i><a target=\"_blank\" id=\"tagss\" href=\"https:\/\/www.jiujuauto.com\/fr\/tag\/%e5%96%87%e5%8f%ad%e8%87%aa%e5%8a%a8%e5%8c%96\">Automatisation du klaxon<\/a><a target=\"_blank\" id=\"tagss\" href=\"https:\/\/www.jiujuauto.com\/fr\/tag\/%e5%96%87%e5%8f%ad%e8%87%aa%e5%8a%a8%e5%8c%96%e7%94%9f%e4%ba%a7%e7%ba%bf\">Ligne de production automatis\u00e9e de cornes<\/a><a target=\"_blank\" id=\"tagss\" href=\"https:\/\/www.jiujuauto.com\/fr\/tag\/%e5%96%87%e5%8f%ad%e8%87%aa%e5%8a%a8%e5%8c%96%e8%ae%be%e5%a4%87\">\u00c9quipement d'automatisation de la corne<\/a><\/span><\/div><p class=\"des\">Comment parvenir \u00e0 une production flexible de l'\u00e9quipement d'automatisation de la corne ? Cet article pr\u00e9sente la technologie de fabrication flexible de l'\u00e9quipement d'automatisation de la corne, y compris la conception modulaire, le changement rapide, la planification intelligente, etc., afin de vous aider \u00e0 comprendre comment r\u00e9aliser une production flexible.<\/p><a  class=\"probtn\"href=\"https:\/\/www.jiujuauto.com\/fr\/faq\/6201.html\"><i class=\"fas fa-chevron-circle-right\"><\/i>Informations d\u00e9taill\u00e9es<\/a><\/div><\/div><\/div><\/div>\n<\/div><div class=\"layout_badh\"><\/div><\/section>","protected":false},"excerpt":{"rendered":"","protected":false},"author":1,"featured_media":0,"parent":597,"menu_order":0,"comment_status":"closed","ping_status":"closed","template":"","meta":{"_seopress_robots_primary_cat":"","_seopress_titles_title":"","_seopress_titles_desc":"","_seopress_robots_index":"","_monsterinsights_skip_tracking":false,"_monsterinsights_sitenote_active":false,"_monsterinsights_sitenote_note":"","_monsterinsights_sitenote_category":0,"themepark_post_bcolor":"#f5f5f5","themepark_post_width":"100%","themepark_post_img":"","themepark_post_img_po":"center","themepark_post_img_re":false,"themepark_post_img_cover":false,"themepark_post_img_fixed":false,"themepark_post_hide_title":true,"themepark_post_main_b":"","themepark_post_main_p":100,"themepark_paddingblock":false,"footnotes":""},"class_list":["post-5710","page","type-page","status-publish","hentry"],"_links":{"self":[{"href":"https:\/\/www.jiujuauto.com\/fr\/wp-json\/wp\/v2\/pages\/5710","targetHints":{"allow":["GET"]}}],"collection":[{"href":"https:\/\/www.jiujuauto.com\/fr\/wp-json\/wp\/v2\/pages"}],"about":[{"href":"https:\/\/www.jiujuauto.com\/fr\/wp-json\/wp\/v2\/types\/page"}],"author":[{"embeddable":true,"href":"https:\/\/www.jiujuauto.com\/fr\/wp-json\/wp\/v2\/users\/1"}],"replies":[{"embeddable":true,"href":"https:\/\/www.jiujuauto.com\/fr\/wp-json\/wp\/v2\/comments?post=5710"}],"version-history":[{"count":11,"href":"https:\/\/www.jiujuauto.com\/fr\/wp-json\/wp\/v2\/pages\/5710\/revisions"}],"predecessor-version":[{"id":6433,"href":"https:\/\/www.jiujuauto.com\/fr\/wp-json\/wp\/v2\/pages\/5710\/revisions\/6433"}],"up":[{"embeddable":true,"href":"https:\/\/www.jiujuauto.com\/fr\/wp-json\/wp\/v2\/pages\/597"}],"wp:attachment":[{"href":"https:\/\/www.jiujuauto.com\/fr\/wp-json\/wp\/v2\/media?parent=5710"}],"curies":[{"name":"wp","href":"https:\/\/api.w.org\/{rel}","templated":true}]}}